{"id":3,"date":"2019-12-21T17:54:36","date_gmt":"2019-12-21T16:54:36","guid":{"rendered":"https:\/\/www.wgn-neuching.de\/?page_id=3"},"modified":"2019-12-22T19:01:43","modified_gmt":"2019-12-22T18:01:43","slug":"datenschutzerklaerung","status":"publish","type":"page","link":"https:\/\/wgn-neuching.de\/index.php\/datenschutzerklaerung\/","title":{"rendered":"Datenschutzerkl\u00e4rung"},"content":{"rendered":"\n<h2 class=\"wp-block-heading\"><\/h2>\n\n\n\n<p><strong>Anbieter und verantwortliche Stelle im Sinne des Datenschutzgesetzes<\/strong><\/p>\n\n\n\n<p>W\u00e4hlergemeinschaft gemeinsames Neuching<br>Markus Hermansdorfer<br>1. Vorsitzender<br>Margeritenstra\u00dfe 23<br>85467 Neuching<\/p>\n\n\n\n<p><strong>Geltungsbereich<\/strong><\/p>\n\n\n\n<p>Nutzer erhalten mit dieser Datenschutzerkl\u00e4rung Information \u00fcber die Art, den Umfang und Zweck der Erhebung und Verwendung ihrer Daten durch den verantwortlichen Anbieter erhoben und verwendet werden.<\/p>\n\n\n\n<p>Den rechtlichen Rahmen f\u00fcr den Datenschutz bilden das Bundesdatenschutzgesetz (BDSG), die EU-Datenschutzgrundverordnung (EU-DSGV) und das Telemediengesetz (TMG).<\/p>\n\n\n\n<p><strong>Erfassung allgemeiner Informationen<\/strong><\/p>\n\n\n\n<p>Mit jedem Zugriff auf dieses Angebot werden durch uns bzw. den Webspace-Provider automatisch Informationen erfasst. Diese Informationen, auch als Server-Logfiles bezeichnet, sind allgemeiner Natur und erlauben keine R\u00fcckschl\u00fcsse auf Ihre Person.<\/p>\n\n\n\n<p>Erfasst werden unter anderem: Name der Webseite, Datei, Datum, Datenmenge, Webbrowser und Webbrowser-Version, Betriebssystem, der Domainname Ihres Internet-Providers, die sogenannte Referrer-URL (jene Seite, von der aus Sie auf unser Angebot zugegriffen haben) und die IP-Adresse.<\/p>\n\n\n\n<p>Ohne diese Daten w\u00e4re es technisch teils nicht m\u00f6glich, die Inhalte der Webseite auszuliefern und darzustellen. Insofern ist die Erfassung der Daten zwingend notwendig. Dar\u00fcber hinaus verwenden wir die anonymen Informationen f\u00fcr statistische Zwecke. Sie helfen uns bei der Optimierung des Angebots und der Technik. Wir behalten uns zudem das Recht vor, die Log-Files bei Verdacht auf eine rechtswidrige Nutzung unseres Angebotes nachtr\u00e4glich zu kontrollieren.<\/p>\n\n\n\n<p><strong>Newsletter<\/strong><\/p>\n\n\n\n<p>Melden Sie sich f\u00fcr unseren Newsletter an, verwenden wir die von Ihnen eingegebenen Daten ausschlie\u00dflich f\u00fcr diesen Zweck oder um sie \u00fcber die f\u00fcr diesen Dienst oder die Registrierung relevanten Umst\u00e4nde zu informieren. Diese Daten geben wir nicht an Dritte weiter.<\/p>\n\n\n\n<p>F\u00fcr den Empfang des Newsletters bedarf es einer validen (g\u00fcltigen) E-Mail-Adresse. Gespeichert werden zudem die IP-Adresse, \u00fcber die Sie sich f\u00fcr den Newsletter anmelden und das Datum, an dem Sie den Newsletter bestellen. Diese Daten dienen uns als Nachweis bei Missbrauch, falls eine fremde E-Mail-Adresse f\u00fcr den Newsletter angemeldet wird. Um dar\u00fcber hinaus sicherzustellen, dass eine E-Mail-Adresse nicht missbr\u00e4uchlich durch Dritte in unseren Verteiler eingetragen wird, arbeiten wir gesetzeskonform mit dem sogenannten \u201eDouble-Opt-In\u201c-Verfahren. Im Rahmen dieses Verfahren werden die Bestellung des Newsletters, der Versand der Best\u00e4tigungsmail und der Erhalt der Anmeldebest\u00e4tigung protokolliert.<\/p>\n\n\n\n<p>Sie haben jederzeit die M\u00f6glichkeit, Ihre Einwilligung zur Speicherung der Daten, Ihrer E-Mail-Adresse und deren Nutzung f\u00fcr den Newsletter-Versand zu widerrufen. F\u00fcr den Widerruf stellen wir Ihnen in jedem Newsletter und auf der Webseite einen Link zur Verf\u00fcgung. Sie haben au\u00dferdem die M\u00f6glichkeit, uns Ihren Widerrufswunsch \u00fcber die in diesem Dokument genannten Kontaktm\u00f6glichkeiten mitzuteilen.<\/p>\n\n\n\n<p><strong>Kontaktformular<\/strong><\/p>\n\n\n\n<p>Wenn Sie uns \u00fcber das Onlineformular oder per E-Mail kontaktieren, speichern wir die von Ihnen gemachten Angaben, um Ihre Anfrage beantworten und m\u00f6gliche Anschlussfragen stellen zu k\u00f6nnen.<\/p>\n\n\n\n<p><strong>Einbindung von Diensten und Inhalten Dritter<\/strong><\/p>\n\n\n\n<p>Unser Angebot umfasst mitunter Inhalte, Dienste und Leistungen anderer Anbieter. Das sind zum Beispiel Karten, die von Google-Maps zur Verf\u00fcgung gestellt werden, Videos von YouTube sowie Grafiken und Bilder anderer Webseiten. Damit diese Daten im Browser des Nutzers aufgerufen und dargestellt werden k\u00f6nnen, ist die \u00dcbermittlung der IP-Adresse zwingend notwendig. Die Anbieter (im Folgenden als \u201eDritt-Anbieter\u201c bezeichnet) nehmen also die IP-Adresse des jeweiligen Nutzers wahr.<\/p>\n\n\n\n<p>Auch wenn wir bem\u00fcht sind, ausschlie\u00dflich Dritt-Anbieter zu nutzen, welche die IP-Adresse nur ben\u00f6tigen, um Inhalte ausliefern zu k\u00f6nnen, haben wir keinen Einfluss darauf, ob die IP-Adresse m\u00f6glicherweise gespeichert wird. Dieser Vorgang dient in dem Fall unter anderem statistischen Zwecken. Sofern wir Kenntnis davon haben, dass die IP-Adresse gespeichert wird, weisen wir unsere Nutzer darauf hin.<\/p>\n\n\n\n<p><strong>Cookies<\/strong><\/p>\n\n\n\n<p>Diese Webseite verwendet sogenannte Cookies. Das sind Textdateien, die vom Server aus auf Ihrem Rechner gespeichert werden. Sie enthalten Informationen zum Browser, zur IP-Adresse, dem Betriebssystem und zur Internetverbindung. Diese Daten werden von uns nicht an Dritte weitergegeben oder ohne ihre Zustimmung mit personenbezogenen Daten verkn\u00fcpft.<\/p>\n\n\n\n<p>Cookies erf\u00fcllen vor allem zwei Aufgaben. Sie helfen uns, Ihnen die Navigation durch unser Angebot zu erleichtern, und erm\u00f6glichen die korrekte Darstellung der Webseite. Sie werden nicht dazu genutzt, Viren einzuschleusen oder Programme zu starten.<\/p>\n\n\n\n<p>Nutzer haben die M\u00f6glichkeit, unser Angebot auch ohne Cookies aufzurufen. Dazu m\u00fcssen im Browser die entsprechenden Einstellungen ge\u00e4ndert werden. Informieren Sie sich bitte \u00fcber die Hilfsfunktion Ihres Browsers, wie Cookies deaktiviert werden. Wir weisen allerdings darauf hin, dass dadurch einige Funktionen dieser Webseite m\u00f6glicherweise beeintr\u00e4chtigt werden und der Nutzungskomfort eingeschr\u00e4nkt wird.&nbsp;<\/p>\n\n\n\n<p><strong>Facebook Social Plug-in<\/strong><\/p>\n\n\n\n<p>Wir binden auf unseren Webseiten Plug-ins des sozialen Netzwerks Facebook (Anschrift: 1601 South California Avenue, Palo Alto, CA 94304, USA) ein. Sie erkennen die Plug-ins \u2013 am Like-Button (Gef\u00e4llt mir) oder am Logo von Facebook.<\/p>\n\n\n\n<p>Rufen Sie eine unserer Webseiten mit Facebook Plug-in auf, wird eine direkte Verbindung mit Facebook aufgebaut. Auf die Art und den Umfang der Daten, die dabei von Facebook erhoben, gespeichert und verarbeitet werden, haben wir keinen Einfluss. Wir k\u00f6nnen Sie lediglich entsprechend unseres Kenntnisstandes informieren.<\/p>\n\n\n\n<p>Facebook wird \u00fcber das Plug-in informiert, dass Sie die entsprechende Webseite unseres Angebots aufgerufen haben. Das gilt auch f\u00fcr Nutzer, die nicht bei Facebook registriert sind. In dem Fall besteht die M\u00f6glichkeit, dass Facebook die IP-Adresse speichert.<\/p>\n\n\n\n<p>Sind Sie Mitglied bei Facebook und eingeloggt, kann der Aufruf einer Webseite mit Facebook Plug-in Ihrem Nutzerkonto bei Facebook eindeutig zugeordnet werden. Dar\u00fcber hinaus \u00fcbermitteln die Plug-ins alle Interaktionen, wenn Sie zum Beispiel den Like-Button nutzen oder einen Kommentar hinterlassen.<\/p>\n\n\n\n<p>Um zu verhindern, dass Facebook Daten \u00fcber Sie speichert, loggen Sie sich vor dem Besuch unserer Webseiten bitte bei Facebook aus. Sie k\u00f6nnen die Plug-ins dar\u00fcber hinaus mit Add-ons f\u00fcr den Browser blocken (zum Beispiel \u201eFacebook Blocker\u201c).<\/p>\n\n\n\n<p>Informationen zu den Datenschutzbestimmungen, dem Zweck und Umfang der Datenerfassung und Datenverarbeitung sowie den Einstellm\u00f6glichkeiten zum Schutz der Privatsph\u00e4re bei Facebook erhalten Sie hier: http:\/\/www.facebook.com\/privacy\/explanation.php.<\/p>\n\n\n\n<p><strong>Datensparsamkeit<\/strong><\/p>\n\n\n\n<p>Personenbezogene Daten speichern wir gem\u00e4\u00df den Grunds\u00e4tzen der Datenvermeidung und Datensparsamkeit nur so lange, wie es erforderlich ist oder vom Gesetzgeber her vorgeschrieben wird (gesetzliche Speicherfrist). Entf\u00e4llt der Zweck der erhobenen Informationen oder endet die Speicherfrist, sperren oder l\u00f6schen wir die Daten.<\/p>\n\n\n\n<p>Ihre Rechte auf Auskunft, Berichtigung, Sperre, L\u00f6schung und Widerspruch: Sie haben das Recht, auf Antrag unentgeltlich eine Auskunft, \u00fcber die bei uns gespeicherten personenbezogenen Daten, anzufordern und\/oder eine Berichtigung, Sperrung oder L\u00f6schung zu verlangen. Ausnahmen: Es handelt sich um die vorgeschriebene Datenspeicherung zur Gesch\u00e4ftsabwicklung oder die Daten unterliegen der gesetzlichen Aufbewahrungspflicht.<\/p>\n\n\n\n<p>F\u00fcr diese Zwecke kontaktieren Sie uns bitte.<\/p>\n\n\n\n<p>Um eine Datensperre jederzeit ber\u00fccksichtigen zu k\u00f6nnen, ist es erforderlich, die Daten f\u00fcr Kontrollzwecke in einer Sperrdatei vorzuhalten. Besteht keine gesetzliche Archivierungspflicht, k\u00f6nnen Sie auch die L\u00f6schung der Daten verlangen. Anderenfalls sperren wir die Daten, sofern Sie dies w\u00fcnschen.<\/p>\n\n\n\n<p><strong>\u00c4nderung unserer Datenschutzerkl\u00e4rung<\/strong><\/p>\n\n\n\n<p>Um zu gew\u00e4hrleisten, dass unsere Datenschutzerkl\u00e4rung stets den aktuellen gesetzlichen Vorgaben entspricht, behalten wir uns jederzeit \u00c4nderungen vor. Das gilt auch f\u00fcr den Fall, dass die Datenschutzerkl\u00e4rung aufgrund neuer oder \u00fcberarbeiteter Leistungen, zum Beispiel neuer Serviceleistungen, angepasst werden muss. Die neue Datenschutzerkl\u00e4rung greift dann bei Ihrem n\u00e4chsten Besuch auf unserem Angebot.<\/p>\n","protected":false},"excerpt":{"rendered":"<p>Anbieter und verantwortliche Stelle im Sinne des Datenschutzgesetzes W\u00e4hlergemeinschaft gemeinsames NeuchingMarkus Hermansdorfer1. VorsitzenderMargeritenstra\u00dfe 2385467 Neuching Geltungsbereich Nutzer erhalten mit dieser Datenschutzerkl\u00e4rung Information \u00fcber die Art, den Umfang und Zweck der Erhebung und Verwendung ihrer Daten durch den verantwortlichen Anbieter erhoben und verwendet werden. Den rechtlichen Rahmen f\u00fcr den Datenschutz bilden das Bundesdatenschutzgesetz (BDSG), die EU-Datenschutzgrundverordnung [&hellip;]<\/p>\n","protected":false},"author":1,"featured_media":0,"parent":0,"menu_order":0,"comment_status":"closed","ping_status":"open","template":"","meta":{"footnotes":""},"class_list":["post-3","page","type-page","status-publish","hentry"],"jetpack_sharing_enabled":true,"_links":{"self":[{"href":"https:\/\/wgn-neuching.de\/index.php\/wp-json\/wp\/v2\/pages\/3","targetHints":{"allow":["GET"]}}],"collection":[{"href":"https:\/\/wgn-neuching.de\/index.php\/wp-json\/wp\/v2\/pages"}],"about":[{"href":"https:\/\/wgn-neuching.de\/index.php\/wp-json\/wp\/v2\/types\/page"}],"author":[{"embeddable":true,"href":"https:\/\/wgn-neuching.de\/index.php\/wp-json\/wp\/v2\/users\/1"}],"replies":[{"embeddable":true,"href":"https:\/\/wgn-neuching.de\/index.php\/wp-json\/wp\/v2\/comments?post=3"}],"version-history":[{"count":1,"href":"https:\/\/wgn-neuching.de\/index.php\/wp-json\/wp\/v2\/pages\/3\/revisions"}],"predecessor-version":[{"id":80,"href":"https:\/\/wgn-neuching.de\/index.php\/wp-json\/wp\/v2\/pages\/3\/revisions\/80"}],"wp:attachment":[{"href":"https:\/\/wgn-neuching.de\/index.php\/wp-json\/wp\/v2\/media?parent=3"}],"curies":[{"name":"wp","href":"https:\/\/api.w.org\/{rel}","templated":true}]}}